{"id":78,"date":"2025-01-15T01:49:36","date_gmt":"2025-01-15T00:49:36","guid":{"rendered":"http:\/\/192.168.4.14\/?page_id=78"},"modified":"2025-01-15T11:51:24","modified_gmt":"2025-01-15T10:51:24","slug":"obcanske-sdruzeni","status":"publish","type":"page","link":"https:\/\/svpvm.cz\/?page_id=78","title":{"rendered":"Ob\u010dansk\u00e9 sdru\u017een\u00ed"},"content":{"rendered":"\n<p>Ob\u010dansk\u00e9 sdru\u017een\u00ed p\u0159i St\u0159edisku v\u00fdchovn\u00e9 p\u00e9\u010de s\u00eddl\u00ed v budov\u011b SVP.<\/p>\n\n\n\n<p>Jedn\u00edm z\u00a0c\u00edl\u016f SVP je uk\u00e1zat d\u011btem, jak smyslupln\u011b tr\u00e1vit voln\u00fd \u010das, pozn\u00e1vat nov\u00e1 m\u00edsta a d\u00e1t jim mo\u017enost pro\u017e\u00edt nebo vid\u011bt to, co jindy nemaj\u00ed mo\u017enost za\u017e\u00edt. S\u00a0d\u011btmi nav\u0161t\u011bvujeme v\u00fdstavy, hrady, z\u00e1mky, akce v\u00a0okol\u00ed Vala\u0161sk\u00e9ho Mezi\u0159\u00ed\u010d\u00ed, zoologick\u00e9 zahrady nebo hernu Vrtuli. Tak\u00e9 hodn\u011b sportujeme \u2013 j\u00edzda na kole, kole\u010dkov\u00fdch brusl\u00edch, cvi\u010den\u00ed v\u00a0t\u011blocvi\u010dn\u011b, turistika, plav\u00e1n\u00ed, bruslen\u00ed na zimn\u00edm stadionu. Vyr\u00e1b\u00edme v\u00fdrobky, hrajeme divadlo pro mate\u0159sk\u00e9 \u0161koly, \u00fa\u010dastn\u00edme se sportovn\u00edch her, po\u0159\u00e1d\u00e1me v\u00edkendov\u00e9 pobyty, seznamujeme se s\u00a0prac\u00ed z\u00e1chrann\u00fdch slo\u017eek, apod.<\/p>\n\n\n\n<p>Sponzorsk\u00fd p\u0159\u00edsp\u011bvek \u010di dar, podpo\u0159\u00ed a zkvalitn\u00ed na\u0161\u00ed p\u00e9\u010di o d\u011bti a otev\u0159ou n\u00e1m dve\u0159e k\u00a0dal\u0161\u00edm aktivit\u00e1m a z\u00e1\u017eitk\u016fm, kter\u00e9 na\u0161e d\u011bti pot\u0159ebuj\u00ed. Byli bychom tedy vd\u011b\u010dni i za\u00a0<strong>\u00fa\u010delov\u00e9 dary v\u00a0podob\u011b sponzoringu ubytov\u00e1n\u00ed a stravov\u00e1n\u00ed p\u0159i v\u00edkendov\u00fdch pobytech, z\u00e1vodech, \u010di n\u00e1kup materi\u00e1ln\u00edho vybaven\u00ed ke sportovn\u00edm, v\u00fdtvarn\u00fdm a dal\u0161\u00edm \u010dinnostem. Pom\u016f\u017eou i permanentky na zimn\u00ed stadion nebo do herny Vrtule, kde \u010dasto tr\u00e1v\u00edme voln\u00fd \u010das. Tak\u00e9 nakupujeme pro na\u0161e klienty odm\u011bny (kter\u00fdmi je motivujeme), cvi\u010debn\u00ed pom\u016fcky, spole\u010densk\u00e9 hry, p\u0159ilby, chr\u00e1ni\u010de a obnovujeme vybaven\u00ed za\u0159\u00edzen\u00ed.<\/strong><strong><\/strong><\/p>\n\n\n\n<p><strong>Uv\u00edtali bychom tak jakoukoliv formu finan\u010dn\u00ed \u010di materi\u00e1ln\u00ed podpory, kter\u00e1 pom\u016f\u017ee pokr\u00fdt na\u0161e v\u00fddaje \u010di doplnit materi\u00e1ln\u00ed vybaven\u00ed.<\/strong>\u00a0<\/p>\n\n\n\n<p><strong>Finan\u010dn\u00ed dary od 1.000 K\u010d je mo\u017en\u00e9 si ode\u010d\u00edst z da\u0148ov\u00e9ho z\u00e1kladu<\/strong>. <strong>Potvrzen\u00ed o daru<\/strong> (p\u0159ikl\u00e1d\u00e1 se k da\u0148ov\u00e9mu p\u0159izn\u00e1n\u00ed) V\u00e1m r\u00e1di vystav\u00edme.<\/p>\n\n\n\n<p><strong>Mgr. Kate\u0159ina Malinov\u00e1 \u2013 etoped, p\u0159edsedkyn\u011b ob\u010dansk\u00e9ho sdru\u017een\u00ed a kolektiv SVP<\/strong><\/p>\n\n\n\n<p>tel:\u00a0775\u00a0232\u00a0105, <a href=\"mailto:etoped@svpvm.cz\">etoped@svpvm.cz<\/a>\u00a0 \u00a0 \u00a0 \u00a0 \u00a0 \u00a0 \u00a0\u00a0<\/p>\n\n\n\n<p><strong>\u010d\u00edslo \u00fa\u010dtu Ob\u010dansk\u00e9ho sdru\u017een\u00ed: 1767084339\/0800<\/strong><\/p>\n","protected":false},"excerpt":{"rendered":"<p>Ob\u010dansk\u00e9 sdru\u017een\u00ed p\u0159i St\u0159edisku v\u00fdchovn\u00e9 p\u00e9\u010de s\u00eddl\u00ed v budov\u011b SVP. Jedn\u00edm z\u00a0c\u00edl\u016f SVP je uk\u00e1zat d\u011btem, jak smyslupln\u011b tr\u00e1vit voln\u00fd &hellip; <a href=\"https:\/\/svpvm.cz\/?page_id=78\" class=\"more-link\"><span class=\"more-button\">Continue Reading<span class=\"screen-reader-text\">Ob\u010dansk\u00e9 sdru\u017een\u00ed<\/span><\/span><\/a><\/p>\n","protected":false},"author":1,"featured_media":0,"parent":0,"menu_order":0,"comment_status":"closed","ping_status":"closed","template":"","meta":{"footnotes":""},"class_list":["post-78","page","type-page","status-publish","hentry"],"_links":{"self":[{"href":"https:\/\/svpvm.cz\/index.php?rest_route=\/wp\/v2\/pages\/78","targetHints":{"allow":["GET"]}}],"collection":[{"href":"https:\/\/svpvm.cz\/index.php?rest_route=\/wp\/v2\/pages"}],"about":[{"href":"https:\/\/svpvm.cz\/index.php?rest_route=\/wp\/v2\/types\/page"}],"author":[{"embeddable":true,"href":"https:\/\/svpvm.cz\/index.php?rest_route=\/wp\/v2\/users\/1"}],"replies":[{"embeddable":true,"href":"https:\/\/svpvm.cz\/index.php?rest_route=%2Fwp%2Fv2%2Fcomments&post=78"}],"version-history":[{"count":2,"href":"https:\/\/svpvm.cz\/index.php?rest_route=\/wp\/v2\/pages\/78\/revisions"}],"predecessor-version":[{"id":136,"href":"https:\/\/svpvm.cz\/index.php?rest_route=\/wp\/v2\/pages\/78\/revisions\/136"}],"wp:attachment":[{"href":"https:\/\/svpvm.cz\/index.php?rest_route=%2Fwp%2Fv2%2Fmedia&parent=78"}],"curies":[{"name":"wp","href":"https:\/\/api.w.org\/{rel}","templated":true}]}}