{"id":71,"date":"2025-01-15T01:46:29","date_gmt":"2025-01-15T00:46:29","guid":{"rendered":"http:\/\/192.168.4.14\/?page_id=71"},"modified":"2025-01-15T11:57:29","modified_gmt":"2025-01-15T10:57:29","slug":"vzdelavani-skola","status":"publish","type":"page","link":"https:\/\/svpvm.cz\/?page_id=71","title":{"rendered":"Vzd\u011bl\u00e1v\u00e1n\u00ed \/ \u0161kola"},"content":{"rendered":"\n<p>Klienti jsou v\u00a0na\u0161em za\u0159\u00edzen\u00ed vzd\u011bl\u00e1v\u00e1ni dle z\u00e1kona \u010d. 561\/2004 Sb. v\u00a0aktu\u00e1ln\u00edm zn\u011bn\u00ed. Z\u00e1kladn\u00ed \u0161kola tedy zabezpe\u010duje vzd\u011bl\u00e1v\u00e1n\u00ed v\u00a0rozsahu povinn\u00e9 \u0161koln\u00ed doch\u00e1zky dle \u0161koln\u00edho vzd\u011bl\u00e1vac\u00edho programu Tvo\u0159iv\u00e1 \u0161kola (\u0160VP), kter\u00fd odpov\u00edd\u00e1 za\u0159azen\u00ed \u017e\u00e1ka do ur\u010dit\u00e9ho typu vzd\u011bl\u00e1v\u00e1n\u00ed a je vypracovan\u00fd podle RVP pro z\u00e1kladn\u00ed vzd\u011bl\u00e1v\u00e1n\u00ed.<\/p>\n\n\n\n<p>Klienti jsou vzd\u011bl\u00e1v\u00e1ni v\u0161ichni v\u00a0jedn\u00e9 t\u0159\u00edd\u011b. Ve t\u0159\u00edd\u011b je p\u0159\u00edtomna pan\u00ed u\u010ditelka a speci\u00e1ln\u00ed pedagog. Vzhledem k\u00a0povaze za\u0159\u00edzen\u00ed je uplat\u0148ov\u00e1n individu\u00e1ln\u00ed p\u0159\u00edstup a vyu\u017e\u00edv\u00e1ny r\u016fzn\u00e9 vzd\u011bl\u00e1vac\u00ed metody. Tomu tak\u00e9 odpov\u00edd\u00e1 hodnocen\u00ed \u017e\u00e1ka b\u011bhem pobytu v\u00a0na\u0161em za\u0159\u00edzen\u00ed. Zn\u00e1mky se zapo\u010d\u00edt\u00e1vaj\u00ed do celkov\u00e9ho hodnocen\u00ed \u017e\u00e1ka (pr\u016fm\u011bru) v\u00a0dan\u00e9m \u0161koln\u00edm roce.<\/p>\n\n\n\n<p>P\u0159ed n\u00e1stupem klienta na preventivn\u011b v\u00fdchovn\u00fd pobyt rodi\u010d sd\u011bl\u00ed ve \u0161kole, aby vypracovala individu\u00e1ln\u00ed vzd\u011bl\u00e1vac\u00ed pl\u00e1n na dobu, kdy klient bude um\u00edst\u011bn v\u00a0na\u0161em za\u0159\u00edzen\u00ed a zaslala ho do datov\u00e9 schr\u00e1nky nebo na email ucitelka@svpvm.cz.<\/p>\n\n\n\n<p>V\u00fduka pot\u00e9 prob\u00edh\u00e1 dle pl\u00e1n\u016f, kter\u00e9 n\u00e1m zaslala kmenov\u00e1 \u0161kola klienta \u2013 t\u00fdk\u00e1 se jak z\u00e1kladn\u00ed, tak st\u0159edn\u00ed \u0161koly. Klient se po absolvov\u00e1n\u00ed pobytu vrac\u00ed s\u00a0probran\u00fdm u\u010divem, kter\u00e9 je toto\u017en\u00e9 s\u00a0jeho spolu\u017e\u00e1ky v\u00a0kmenov\u00e9 \u0161kole.<\/p>\n\n\n\n<p>Do \u0161koly klient doveze: u\u010debnice, pracovn\u00ed se\u0161ity, se\u0161ity, prav\u00edtka, kru\u017e\u00edtko, psac\u00ed pot\u0159eby, tu\u017eku, pastelky, gumu.<\/p>\n\n\n\n<p>Klienti jsou vyu\u010dov\u00e1n\u00ed ve v\u0161edn\u00ed dny a p\u0159edm\u011bty jako je HV, VV, P\u010c, TV, OV, VKV \u2013 jsou vyu\u010dov\u00e1ny v\u00a0r\u00e1mci odpoledn\u00edch program\u016f.<\/p>\n\n\n\n<p>K\u00a0v\u00fduce SVP maj\u00ed klienti nav\u00edc p\u0159edm\u011bt FIE \u2013 Feuersteinova metoda instrument\u00e1ln\u00edho obohacov\u00e1n\u00ed. Metoda rozv\u00edj\u00ed zejm\u00e9na p\u0159edpoklady k u\u010den\u00ed, kter\u00e9 d\u011bti pozd\u011bji vyu\u017eij\u00ed nejen p\u0159i vstupu do z\u00e1kladn\u00ed \u0161koly, ale i v\u00a0dal\u0161\u00edch navazuj\u00edc\u00edch stupn\u00edch vzd\u011bl\u00e1v\u00e1n\u00ed. Jedn\u00e1 se zejm\u00e9na o schopnost soust\u0159ed\u011bn\u00ed, vytv\u00e1\u0159en\u00ed pracovn\u00edch strategi\u00ed, pr\u00e1ci s\u00a0chybou a rozvoj vyjad\u0159ovac\u00edch a komunika\u010dn\u00edch schopnost\u00ed.<\/p>\n\n\n\n<p>C\u00edlem vzd\u011bl\u00e1v\u00e1n\u00ed v\u00a0SVP je zji\u0161t\u011bn\u00ed \u00farovn\u011b dosa\u017een\u00fdch znalost\u00ed a dovednost\u00ed, stanoven\u00ed a realizov\u00e1n\u00ed specifick\u00fdch vzd\u011bl\u00e1vac\u00edch pot\u0159eb v\u00a0z\u00e1jmu rozvoje osobnosti klienta p\u0159im\u011b\u0159en\u011b jeho v\u011bku, individu\u00e1ln\u00edm p\u0159edpoklad\u016fm a mo\u017enostem. Vzd\u011bl\u00e1v\u00e1n\u00ed klient\u016f sm\u011b\u0159uje k\u00a0jejich dal\u0161\u00edmu rozvoji znalost\u00ed, zku\u0161enost\u00ed a dovednost\u00ed<\/p>\n\n\n\n<p>V\u00a0p\u0159\u00edpad\u011b jak\u00fdchkoliv dotaz\u016f ohledn\u011b hodnocen\u00ed \u017e\u00e1ka n\u00e1s kontaktujte na telefonn\u00edch \u010d\u00edslech 571 614\u00a0575 nebo 775\u00a0232 105.<\/p>\n","protected":false},"excerpt":{"rendered":"<p>Klienti jsou v\u00a0na\u0161em za\u0159\u00edzen\u00ed vzd\u011bl\u00e1v\u00e1ni dle z\u00e1kona \u010d. 561\/2004 Sb. v\u00a0aktu\u00e1ln\u00edm zn\u011bn\u00ed. Z\u00e1kladn\u00ed \u0161kola tedy zabezpe\u010duje vzd\u011bl\u00e1v\u00e1n\u00ed v\u00a0rozsahu povinn\u00e9 \u0161koln\u00ed &hellip; <a href=\"https:\/\/svpvm.cz\/?page_id=71\" class=\"more-link\"><span class=\"more-button\">Continue Reading<span class=\"screen-reader-text\">Vzd\u011bl\u00e1v\u00e1n\u00ed \/ \u0161kola<\/span><\/span><\/a><\/p>\n","protected":false},"author":1,"featured_media":0,"parent":0,"menu_order":0,"comment_status":"closed","ping_status":"closed","template":"","meta":{"footnotes":""},"class_list":["post-71","page","type-page","status-publish","hentry"],"_links":{"self":[{"href":"https:\/\/svpvm.cz\/index.php?rest_route=\/wp\/v2\/pages\/71","targetHints":{"allow":["GET"]}}],"collection":[{"href":"https:\/\/svpvm.cz\/index.php?rest_route=\/wp\/v2\/pages"}],"about":[{"href":"https:\/\/svpvm.cz\/index.php?rest_route=\/wp\/v2\/types\/page"}],"author":[{"embeddable":true,"href":"https:\/\/svpvm.cz\/index.php?rest_route=\/wp\/v2\/users\/1"}],"replies":[{"embeddable":true,"href":"https:\/\/svpvm.cz\/index.php?rest_route=%2Fwp%2Fv2%2Fcomments&post=71"}],"version-history":[{"count":3,"href":"https:\/\/svpvm.cz\/index.php?rest_route=\/wp\/v2\/pages\/71\/revisions"}],"predecessor-version":[{"id":140,"href":"https:\/\/svpvm.cz\/index.php?rest_route=\/wp\/v2\/pages\/71\/revisions\/140"}],"wp:attachment":[{"href":"https:\/\/svpvm.cz\/index.php?rest_route=%2Fwp%2Fv2%2Fmedia&parent=71"}],"curies":[{"name":"wp","href":"https:\/\/api.w.org\/{rel}","templated":true}]}}