{"id":35,"date":"2025-01-15T00:54:05","date_gmt":"2025-01-14T23:54:05","guid":{"rendered":"http:\/\/192.168.4.14\/?page_id=35"},"modified":"2026-03-05T14:28:45","modified_gmt":"2026-03-05T13:28:45","slug":"domu","status":"publish","type":"page","link":"https:\/\/svpvm.cz\/?page_id=35","title":{"rendered":"Dom\u016f"},"content":{"rendered":"\n<p>,,Nez\u00e1le\u017e\u00ed na tom, jak dlouho jsi \u0161el nespr\u00e1vn\u00fdm sm\u011brem. V\u017edycky se m\u016f\u017ee\u0161 oto\u010dit a j\u00edt jinudy.&#8220;<\/p>\n\n\n\n<figure class=\"wp-block-image size-large\"><img loading=\"lazy\" decoding=\"async\" width=\"1024\" height=\"768\" src=\"http:\/\/wp.svpvm.cz\/wp-content\/uploads\/2025\/01\/462540856_1091072499346423_2128673179565455545_n-1024x768.jpg\" alt=\"\" class=\"wp-image-154\" srcset=\"https:\/\/svpvm.cz\/wp-content\/uploads\/2025\/01\/462540856_1091072499346423_2128673179565455545_n-1024x768.jpg 1024w, https:\/\/svpvm.cz\/wp-content\/uploads\/2025\/01\/462540856_1091072499346423_2128673179565455545_n-300x225.jpg 300w, https:\/\/svpvm.cz\/wp-content\/uploads\/2025\/01\/462540856_1091072499346423_2128673179565455545_n-768x576.jpg 768w, https:\/\/svpvm.cz\/wp-content\/uploads\/2025\/01\/462540856_1091072499346423_2128673179565455545_n-440x330.jpg 440w, https:\/\/svpvm.cz\/wp-content\/uploads\/2025\/01\/462540856_1091072499346423_2128673179565455545_n-730x547.jpg 730w, https:\/\/svpvm.cz\/wp-content\/uploads\/2025\/01\/462540856_1091072499346423_2128673179565455545_n.jpg 1179w\" sizes=\"auto, (max-width: 1024px) 100vw, 1024px\" \/><\/figure>\n\n\n\n<figure class=\"wp-block-image size-large\"><img loading=\"lazy\" decoding=\"async\" width=\"576\" height=\"1024\" src=\"https:\/\/svpvm.cz\/wp-content\/uploads\/2026\/03\/Projekt-576x1024.png\" alt=\"\" class=\"wp-image-394\" srcset=\"https:\/\/svpvm.cz\/wp-content\/uploads\/2026\/03\/Projekt-576x1024.png 576w, https:\/\/svpvm.cz\/wp-content\/uploads\/2026\/03\/Projekt-169x300.png 169w, https:\/\/svpvm.cz\/wp-content\/uploads\/2026\/03\/Projekt-768x1365.png 768w, https:\/\/svpvm.cz\/wp-content\/uploads\/2026\/03\/Projekt-864x1536.png 864w, https:\/\/svpvm.cz\/wp-content\/uploads\/2026\/03\/Projekt.png 1152w\" sizes=\"auto, (max-width: 576px) 100vw, 576px\" \/><\/figure>\n","protected":false},"excerpt":{"rendered":"<p>,,Nez\u00e1le\u017e\u00ed na tom, jak dlouho jsi \u0161el nespr\u00e1vn\u00fdm sm\u011brem. V\u017edycky se m\u016f\u017ee\u0161 oto\u010dit a j\u00edt jinudy.&#8220;<\/p>\n","protected":false},"author":1,"featured_media":0,"parent":0,"menu_order":0,"comment_status":"closed","ping_status":"closed","template":"templates\/right-sidebar.php","meta":{"footnotes":""},"class_list":["post-35","page","type-page","status-publish","hentry"],"_links":{"self":[{"href":"https:\/\/svpvm.cz\/index.php?rest_route=\/wp\/v2\/pages\/35","targetHints":{"allow":["GET"]}}],"collection":[{"href":"https:\/\/svpvm.cz\/index.php?rest_route=\/wp\/v2\/pages"}],"about":[{"href":"https:\/\/svpvm.cz\/index.php?rest_route=\/wp\/v2\/types\/page"}],"author":[{"embeddable":true,"href":"https:\/\/svpvm.cz\/index.php?rest_route=\/wp\/v2\/users\/1"}],"replies":[{"embeddable":true,"href":"https:\/\/svpvm.cz\/index.php?rest_route=%2Fwp%2Fv2%2Fcomments&post=35"}],"version-history":[{"count":6,"href":"https:\/\/svpvm.cz\/index.php?rest_route=\/wp\/v2\/pages\/35\/revisions"}],"predecessor-version":[{"id":395,"href":"https:\/\/svpvm.cz\/index.php?rest_route=\/wp\/v2\/pages\/35\/revisions\/395"}],"wp:attachment":[{"href":"https:\/\/svpvm.cz\/index.php?rest_route=%2Fwp%2Fv2%2Fmedia&parent=35"}],"curies":[{"name":"wp","href":"https:\/\/api.w.org\/{rel}","templated":true}]}}